{"id":8,"date":"2023-11-07T16:13:38","date_gmt":"2023-11-07T15:13:38","guid":{"rendered":"http:\/\/www.glsformation.fr\/?page_id=8"},"modified":"2023-11-08T09:15:30","modified_gmt":"2023-11-08T08:15:30","slug":"anglais-sante-formation-continue","status":"publish","type":"page","link":"https:\/\/www.glsformation.fr\/","title":{"rendered":"L&#8217;anglais de la sant\u00e9 en formation continue"},"content":{"rendered":"<div class=\"wpb-content-wrapper\"><p>[vc_row full_width=&#8221;stretch_row_content_no_spaces&#8221;][vc_column][vc_single_image image=&#8221;23&#8243; img_size=&#8221;full&#8221; alignment=&#8221;center&#8221;][\/vc_column][\/vc_row][vc_row full_width=&#8221;stretch_row_content_no_spaces&#8221; bg_type=&#8221;bg_color&#8221; bg_override=&#8221;ex-full&#8221; css=&#8221;.vc_custom_1699369696728{margin-top: -3% !important;margin-bottom: -6% !important;background-position: center !important;background-repeat: no-repeat !important;background-size: cover !important;}&#8221; bg_color_value=&#8221;#e5dbd9&#8243;][vc_column width=&#8221;1\/2&#8243; el_id=&#8221;formation&#8221; css=&#8221;.vc_custom_1699369458433{background-color: #ffffff !important;}&#8221;][vc_column_text]<\/p>\n<p style=\"text-align: center;\"><span style=\"color: #543a4b;\"><strong>Vous \u00eates int\u00e9ress\u00e9s par notre formation ?\u00a0<\/strong><\/span><\/p>\n<p>[\/vc_column_text]<style type=\"text\/css\" data-type=\"the7_shortcodes-inline-css\">#default-btn-05b887d7f5b767663b8058cfebc2b33a.ico-right-side > i {\n  margin-right: 0px;\n  margin-left: 8px;\n}\n#default-btn-05b887d7f5b767663b8058cfebc2b33a > i {\n  margin-right: 8px;\n}\n<\/style><div class=\"btn-align-center\"><a href=\"https:\/\/mischoolmd.fr\/programme\/\" class=\"default-btn-shortcode dt-btn dt-btn-l link-hover-off \" target=\"_blank\" id=\"default-btn-05b887d7f5b767663b8058cfebc2b33a\" rel=\"noopener\"><span>Rejoignez-nous ici<\/span><\/a><\/div><div class=\"ult-spacer spacer-69d50a368000d\" data-id=\"69d50a368000d\" data-height=\"40\" data-height-mobile=\"40\" data-height-tab=\"40\" data-height-tab-portrait=\"\" data-height-mobile-landscape=\"\" style=\"clear:both;display:block;\"><\/div>[\/vc_column][vc_column width=&#8221;1\/2&#8243; el_id=&#8221;certification&#8221; css=&#8221;.vc_custom_1699369450580{background-position: 0 0 !important;background-repeat: repeat !important;}&#8221;][vc_column_text]<\/p>\n<p style=\"text-align: center;\"><span style=\"color: #543a4b;\"><strong>Vous \u00eates int\u00e9ress\u00e9s par notre certification ?\u00a0<\/strong><\/span><\/p>\n<p>[\/vc_column_text]<style type=\"text\/css\" data-type=\"the7_shortcodes-inline-css\">#default-btn-744ee19035b59f17d7039b334f2c406a.ico-right-side > i {\n  margin-right: 0px;\n  margin-left: 8px;\n}\n#default-btn-744ee19035b59f17d7039b334f2c406a > i {\n  margin-right: 8px;\n}\n<\/style><div class=\"btn-align-center\"><a href=\"https:\/\/www.glscertification.fr\/\" class=\"default-btn-shortcode dt-btn dt-btn-l link-hover-off \" target=\"_blank\" id=\"default-btn-744ee19035b59f17d7039b334f2c406a\" rel=\"noopener\"><span>Nous vous attendons ici<\/span><\/a><\/div><div class=\"ult-spacer spacer-69d50a368005c\" data-id=\"69d50a368005c\" data-height=\"40\" data-height-mobile=\"40\" data-height-tab=\"40\" data-height-tab-portrait=\"\" data-height-mobile-landscape=\"\" style=\"clear:both;display:block;\"><\/div>[\/vc_column][\/vc_row]<\/p>\n<\/div>","protected":false},"excerpt":{"rendered":"<p>[vc_row full_width=&#8221;stretch_row_content_no_spaces&#8221;][vc_column][vc_single_image image=&#8221;23&#8243; img_size=&#8221;full&#8221; alignment=&#8221;center&#8221;][\/vc_column][\/vc_row][vc_row full_width=&#8221;stretch_row_content_no_spaces&#8221; bg_type=&#8221;bg_color&#8221; bg_override=&#8221;ex-full&#8221; css=&#8221;.vc_custom_1699369696728{margin-top: -3% !important;margin-bottom: -6% !important;background-position: center !important;background-repeat: no-repeat !important;background-size: cover !important;}&#8221; bg_color_value=&#8221;#e5dbd9&#8243;][vc_column width=&#8221;1\/2&#8243; el_id=&#8221;formation&#8221; css=&#8221;.vc_custom_1699369458433{background-color: #ffffff !important;}&#8221;][vc_column_text] Vous \u00eates int\u00e9ress\u00e9s par notre formation ?\u00a0 [\/vc_column_text][\/vc_column][vc_column width=&#8221;1\/2&#8243; el_id=&#8221;certification&#8221; css=&#8221;.vc_custom_1699369450580{background-position: 0 0 !important;background-repeat: repeat !important;}&#8221;][vc_column_text] Vous \u00eates int\u00e9ress\u00e9s par notre certification ?\u00a0 [\/vc_column_text][\/vc_column][\/vc_row]<\/p>\n","protected":false},"author":1,"featured_media":0,"parent":0,"menu_order":0,"comment_status":"closed","ping_status":"closed","template":"","meta":{"footnotes":""},"class_list":["post-8","page","type-page","status-publish","hentry","description-off"],"yoast_head":"<!-- This site is optimized with the Yoast SEO plugin v21.5 - https:\/\/yoast.com\/wordpress\/plugins\/seo\/ -->\n<title>L&#039;anglais de la sant\u00e9 en formation continue | GLS Formation<\/title>\n<meta name=\"description\" content=\"Faites de l&#039;anglais un atout majeur pour votre carri\u00e8re dans la sant\u00e9 avec la Certification Anglais de la Sant\u00e9 par Global Language Services.\" \/>\n<meta name=\"robots\" content=\"index, follow, max-snippet:-1, max-image-preview:large, max-video-preview:-1\" \/>\n<link rel=\"canonical\" href=\"https:\/\/www.glsformation.fr\/\" \/>\n<meta property=\"og:locale\" content=\"en_US\" \/>\n<meta property=\"og:type\" content=\"article\" \/>\n<meta property=\"og:title\" content=\"L&#039;anglais de la sant\u00e9 en formation continue | GLS Formation\" \/>\n<meta property=\"og:description\" content=\"Faites de l&#039;anglais un atout majeur pour votre carri\u00e8re dans la sant\u00e9 avec la Certification Anglais de la Sant\u00e9 par Global Language Services.\" \/>\n<meta property=\"og:url\" content=\"https:\/\/www.glsformation.fr\/\" \/>\n<meta property=\"og:site_name\" content=\"WordPress\" \/>\n<meta property=\"article:modified_time\" content=\"2023-11-08T08:15:30+00:00\" \/>\n<meta name=\"twitter:card\" content=\"summary_large_image\" \/>\n<meta name=\"twitter:label1\" content=\"Est. reading time\" \/>\n\t<meta name=\"twitter:data1\" content=\"1 minute\" \/>\n<script type=\"application\/ld+json\" class=\"yoast-schema-graph\">{\"@context\":\"https:\/\/schema.org\",\"@graph\":[{\"@type\":\"WebPage\",\"@id\":\"https:\/\/www.glsformation.fr\/\",\"url\":\"https:\/\/www.glsformation.fr\/\",\"name\":\"L'anglais de la sant\u00e9 en formation continue | GLS Formation\",\"isPartOf\":{\"@id\":\"https:\/\/www.glsformation.fr\/#website\"},\"datePublished\":\"2023-11-07T15:13:38+00:00\",\"dateModified\":\"2023-11-08T08:15:30+00:00\",\"description\":\"Faites de l'anglais un atout majeur pour votre carri\u00e8re dans la sant\u00e9 avec la Certification Anglais de la Sant\u00e9 par Global Language Services.\",\"breadcrumb\":{\"@id\":\"https:\/\/www.glsformation.fr\/#breadcrumb\"},\"inLanguage\":\"en-US\",\"potentialAction\":[{\"@type\":\"ReadAction\",\"target\":[\"https:\/\/www.glsformation.fr\/\"]}]},{\"@type\":\"BreadcrumbList\",\"@id\":\"https:\/\/www.glsformation.fr\/#breadcrumb\",\"itemListElement\":[{\"@type\":\"ListItem\",\"position\":1,\"name\":\"Accueil\",\"item\":\"https:\/\/www.glsformation.fr\/\"},{\"@type\":\"ListItem\",\"position\":2,\"name\":\"L&rsquo;anglais de la sant\u00e9 en formation continue\"}]},{\"@type\":\"WebSite\",\"@id\":\"https:\/\/www.glsformation.fr\/#website\",\"url\":\"https:\/\/www.glsformation.fr\/\",\"name\":\"WordPress\",\"description\":\"Un site utilisant WordPress\",\"potentialAction\":[{\"@type\":\"SearchAction\",\"target\":{\"@type\":\"EntryPoint\",\"urlTemplate\":\"https:\/\/www.glsformation.fr\/?s={search_term_string}\"},\"query-input\":\"required name=search_term_string\"}],\"inLanguage\":\"en-US\"}]}<\/script>\n<!-- \/ Yoast SEO plugin. -->","yoast_head_json":{"title":"L'anglais de la sant\u00e9 en formation continue | GLS Formation","description":"Faites de l'anglais un atout majeur pour votre carri\u00e8re dans la sant\u00e9 avec la Certification Anglais de la Sant\u00e9 par Global Language Services.","robots":{"index":"index","follow":"follow","max-snippet":"max-snippet:-1","max-image-preview":"max-image-preview:large","max-video-preview":"max-video-preview:-1"},"canonical":"https:\/\/www.glsformation.fr\/","og_locale":"en_US","og_type":"article","og_title":"L'anglais de la sant\u00e9 en formation continue | GLS Formation","og_description":"Faites de l'anglais un atout majeur pour votre carri\u00e8re dans la sant\u00e9 avec la Certification Anglais de la Sant\u00e9 par Global Language Services.","og_url":"https:\/\/www.glsformation.fr\/","og_site_name":"WordPress","article_modified_time":"2023-11-08T08:15:30+00:00","twitter_card":"summary_large_image","twitter_misc":{"Est. reading time":"1 minute"},"schema":{"@context":"https:\/\/schema.org","@graph":[{"@type":"WebPage","@id":"https:\/\/www.glsformation.fr\/","url":"https:\/\/www.glsformation.fr\/","name":"L'anglais de la sant\u00e9 en formation continue | GLS Formation","isPartOf":{"@id":"https:\/\/www.glsformation.fr\/#website"},"datePublished":"2023-11-07T15:13:38+00:00","dateModified":"2023-11-08T08:15:30+00:00","description":"Faites de l'anglais un atout majeur pour votre carri\u00e8re dans la sant\u00e9 avec la Certification Anglais de la Sant\u00e9 par Global Language Services.","breadcrumb":{"@id":"https:\/\/www.glsformation.fr\/#breadcrumb"},"inLanguage":"en-US","potentialAction":[{"@type":"ReadAction","target":["https:\/\/www.glsformation.fr\/"]}]},{"@type":"BreadcrumbList","@id":"https:\/\/www.glsformation.fr\/#breadcrumb","itemListElement":[{"@type":"ListItem","position":1,"name":"Accueil","item":"https:\/\/www.glsformation.fr\/"},{"@type":"ListItem","position":2,"name":"L&rsquo;anglais de la sant\u00e9 en formation continue"}]},{"@type":"WebSite","@id":"https:\/\/www.glsformation.fr\/#website","url":"https:\/\/www.glsformation.fr\/","name":"WordPress","description":"Un site utilisant WordPress","potentialAction":[{"@type":"SearchAction","target":{"@type":"EntryPoint","urlTemplate":"https:\/\/www.glsformation.fr\/?s={search_term_string}"},"query-input":"required name=search_term_string"}],"inLanguage":"en-US"}]}},"_links":{"self":[{"href":"https:\/\/www.glsformation.fr\/index.php\/wp-json\/wp\/v2\/pages\/8","targetHints":{"allow":["GET"]}}],"collection":[{"href":"https:\/\/www.glsformation.fr\/index.php\/wp-json\/wp\/v2\/pages"}],"about":[{"href":"https:\/\/www.glsformation.fr\/index.php\/wp-json\/wp\/v2\/types\/page"}],"author":[{"embeddable":true,"href":"https:\/\/www.glsformation.fr\/index.php\/wp-json\/wp\/v2\/users\/1"}],"replies":[{"embeddable":true,"href":"https:\/\/www.glsformation.fr\/index.php\/wp-json\/wp\/v2\/comments?post=8"}],"version-history":[{"count":22,"href":"https:\/\/www.glsformation.fr\/index.php\/wp-json\/wp\/v2\/pages\/8\/revisions"}],"predecessor-version":[{"id":37,"href":"https:\/\/www.glsformation.fr\/index.php\/wp-json\/wp\/v2\/pages\/8\/revisions\/37"}],"wp:attachment":[{"href":"https:\/\/www.glsformation.fr\/index.php\/wp-json\/wp\/v2\/media?parent=8"}],"curies":[{"name":"wp","href":"https:\/\/api.w.org\/{rel}","templated":true}]}}